{"id":3,"date":"2022-08-19T16:55:09","date_gmt":"2022-08-19T16:55:09","guid":{"rendered":"https:\/\/mooovi.pt\/?page_id=3"},"modified":"2023-05-04T09:59:22","modified_gmt":"2023-05-04T09:59:22","slug":"politica-privacidade","status":"publish","type":"page","link":"https:\/\/mooovi.pt\/fr\/politica-privacidade\/","title":{"rendered":"Politique de confidentialit\u00e9"},"content":{"rendered":"<p>La pr\u00e9sente politique de confidentialit\u00e9 d\u00e9crit qui nous sommes, \u00e0 quelles fins nous utilisons vos donn\u00e9es, comment nous les traitons, avec qui nous les partageons, combien de temps nous les conservons, ainsi que les moyens de nous contacter et d&rsquo;exercer vos droits.<\/p>\r\n<p>&nbsp;<\/p>\r\n<h2>Contacter Mooovi<\/h2>\r\n<p>Mooovi peut \u00eatre contact\u00e9 par courrier \u00e9lectronique \u00e0 l&rsquo;adresse info@mooovi.pt.<\/p>\r\n<p>Mooovi est responsable du traitement des donn\u00e9es \u00e0 caract\u00e8re personnel qu&rsquo;elle collecte et traite, conform\u00e9ment aux exigences exprim\u00e9es dans le r\u00e8glement g\u00e9n\u00e9ral sur la protection des donn\u00e9es.<\/p>\r\n<p>&nbsp;<\/p>\r\n<h2>Pourquoi nous traitons vos donn\u00e9es personnelles<\/h2>\r\n<ul>\r\n<li>Les donn\u00e9es personnelles que nous traitons sont toujours collect\u00e9es dans un but et pour un traitement sp\u00e9cifiques, apr\u00e8s quoi elles sont transform\u00e9es en donn\u00e9es anonymes.<\/li>\r\n<li>\r\n<ol>\r\n<li><strong>1.<\/strong> Le respect des obligations l\u00e9gales qui nous incombent, tant \u00e0 l&rsquo;\u00e9gard des clients et des fournisseurs qu&rsquo;\u00e0 l&rsquo;\u00e9gard de nos employ\u00e9s ;<\/li>\r\n<li><strong>2.<\/strong> L&rsquo;ex\u00e9cution de contrats ou de diligences pr\u00e9contractuelles dans le cadre de notre activit\u00e9 ;<\/li>\r\n<li><strong>3.<\/strong> L&rsquo;ex\u00e9cution des services que nous fournissons, lorsque nous obtenons le consentement de la personne concern\u00e9e pour traiter ses donn\u00e9es \u00e0 caract\u00e8re personnel \u00e0 des fins sp\u00e9cifiques, explicites et l\u00e9gitimes, clairement inform\u00e9es au moment de la prise de contact ;<\/li>\r\n<li><strong>4.<\/strong> Nous pouvons \u00e9galement traiter des informations si nous avons un int\u00e9r\u00eat l\u00e9gitime \u00e0 le faire, \u00e0 condition que, et dans chaque cas, notre int\u00e9r\u00eat soit conforme aux droits de la personne concern\u00e9e, comme dans notre communication avec les clients et les clients potentiels, les fournisseurs et les fournisseurs potentiels et dans le recrutement de nouveaux employ\u00e9s ou prestataires de services.<\/li>\r\n<\/ol>\r\n<\/li>\r\n<\/ul>\r\n<p>&nbsp;<\/p>\r\n<h2>L\u00e9galit\u00e9 du traitement de vos donn\u00e9es personnelles<\/h2>\r\n<ul>\r\n<li>L&rsquo;activit\u00e9 commerciale de Mooovi n\u00e9cessite des contacts pour collecter des donn\u00e9es afin de fournir des services d&rsquo;analyse et de gestion de l&rsquo;information. Ces contacts s&rsquo;adressent toujours \u00e0 des personnes, et nous effectuons donc des traitements de donn\u00e9es \u00e0 caract\u00e8re personnel chaque fois que nous fournissons des services. Nous garantissons toujours la lic\u00e9it\u00e9 des traitements que nous effectuons, qui peut \u00eatre assur\u00e9e de plusieurs mani\u00e8res, selon les cas :<\/li>\r\n<li>\r\n<ol>\r\n<li><strong>1.<\/strong> En tant que sous-traitant d&rsquo;un de nos clients, lorsque le client, en tant que responsable du traitement, nous transmet ses donn\u00e9es \u00e0 caract\u00e8re personnel afin que nous puissions le contacter.<\/li>\r\n<\/ol>\r\n<\/li>\r\n<\/ul>\r\n<p>&nbsp;<\/p>\r\n<h2>Ce que nous faisons de vos donn\u00e9es \u00e0 la fin du traitement<\/h2>\r\n<p>Les donn\u00e9es \u00e0 caract\u00e8re personnel que nous utilisons servent exclusivement \u00e0 produire des statistiques, de sorte qu&rsquo;une fois achev\u00e9e l&rsquo;op\u00e9ration de traitement \u00e0 l&rsquo;appui de la finalit\u00e9 pour laquelle vos donn\u00e9es ont \u00e9t\u00e9 collect\u00e9es, nous rendons les enregistrements anonymes, voire nous les d\u00e9truisons compl\u00e8tement.<\/p>\r\n<p>&nbsp;<\/p>\r\n<h2>P\u00e9riode de r\u00e9tention<\/h2>\r\n<p>Nous ne conservons les donn\u00e9es \u00e0 caract\u00e8re personnel que pendant la p\u00e9riode n\u00e9cessaire \u00e0 la r\u00e9alisation des objectifs pour lesquels elles ont \u00e9t\u00e9 collect\u00e9es, qui est g\u00e9n\u00e9ralement courte.<\/p>\r\n<p>Dans les cas o\u00f9 nous devons conserver les donn\u00e9es pendant une p\u00e9riode plus longue, ces donn\u00e9es seront rendues anonymes.<\/p>\r\n<p>&nbsp;<\/p>\r\n<h2>S\u00e9curit\u00e9<\/h2>\r\n<p>La s\u00e9curit\u00e9 de l&rsquo;information et la protection des donn\u00e9es personnelles sont une priorit\u00e9 pour Mooovi. Nous veillons \u00e0 ce que nos proc\u00e9dures internes de s\u00e9curit\u00e9 des donn\u00e9es \u00e0 caract\u00e8re personnel soient conformes \u00e0 la r\u00e9glementation en vigueur. Lorsque nous devons faire appel \u00e0 des tiers, nous nous assurons que ces tiers sont li\u00e9s \u00e0 Mooovi par contrat et qu&rsquo;ils garantissent une protection ad\u00e9quate des donn\u00e9es \u00e0 caract\u00e8re personnel auxquelles ils ont acc\u00e8s. Nous limitons l&rsquo;acc\u00e8s aux donn\u00e9es \u00e0 caract\u00e8re personnel aux employ\u00e9s directement impliqu\u00e9s dans les op\u00e9rations de traitement d\u00e9finies et strictement dans le cadre de leurs fonctions. Nous prenons les mesures n\u00e9cessaires pour assurer la s\u00e9curit\u00e9 du traitement des donn\u00e9es \u00e0 caract\u00e8re personnel et les prot\u00e9ger contre la perte et la falsification, ainsi que contre l&rsquo;acc\u00e8s par des personnes non autoris\u00e9es. Toutes les donn\u00e9es personnelles que nous traitons sont stock\u00e9es sur des syst\u00e8mes d&rsquo;information s\u00e9curis\u00e9s conform\u00e9ment \u00e0 une politique de s\u00e9curit\u00e9, audit\u00e9es et soumises \u00e0 des tests p\u00e9riodiques.<\/p>\r\n<p>&nbsp;<\/p>\r\n<h2>Confidentialit\u00e9 des donn\u00e9es<\/h2>\r\n<p>Nous respectons la confidentialit\u00e9 des donn\u00e9es personnelles que nous traitons, en veillant \u00e0 ne pas les divulguer, les distribuer ou les mettre \u00e0 la disposition de tiers, sauf dans le cadre de l&rsquo;ex\u00e9cution sp\u00e9cifique d&rsquo;un service contractuel visant \u00e0 soutenir les services que nous fournissons.<\/p>\r\n<p>&nbsp;<\/p>\r\n<h2>Exercice des droits de la personne concern\u00e9e<\/h2>\r\n<p>\u00c0 tout moment, en tant que titulaire des donn\u00e9es que vous nous avez fournies, vous pouvez exercer vos droits d&rsquo;acc\u00e8s :<\/p>\r\n<p><strong>Acc\u00e8s<\/strong><\/p>\r\n<p>Vous pouvez demander l&rsquo;acc\u00e8s aux informations que nous d\u00e9tenons sur vous ;<\/p>\r\n<p><strong>Rectification<\/strong><\/p>\r\n<p>Vous pouvez demander la rectification des informations si elles sont inexactes ou incompl\u00e8tes ;<\/p>\r\n<p><strong>D&rsquo;Effacement<\/strong><\/p>\r\n<p>Vous pouvez demander l&rsquo;effacement de vos donn\u00e9es \u00e0 caract\u00e8re personnel lorsque vous v\u00e9rifiez que vos donn\u00e9es \u00e0 caract\u00e8re personnel ne sont plus n\u00e9cessaires aux fins pour lesquelles elles ont \u00e9t\u00e9 collect\u00e9es ou trait\u00e9es, qu&rsquo;il n&rsquo;existe pas d&rsquo;int\u00e9r\u00eats l\u00e9gitimes pr\u00e9pond\u00e9rants ou lorsque vous retirez votre consentement au traitement des donn\u00e9es et qu&rsquo;il n&rsquo;existe pas d&rsquo;autre motif pour le traitement ;<\/p>\r\n<p><strong>Retrait du consentement<\/strong><\/p>\r\n<p>Vous avez le droit de retirer votre consentement \u00e0 tout moment.<\/p>\r\n<p>&nbsp;<\/p>\r\n<h2>Droits de limiter le traitement et de s&rsquo;y opposer<\/h2>\r\n<p>Il n&rsquo;est pertinent de demander la limitation du traitement de vos donn\u00e9es personnelles que pour la p\u00e9riode entre le moment o\u00f9 vous contestez l&rsquo;exactitude de vos donn\u00e9es personnelles et celui o\u00f9 Mooovi les a rectifi\u00e9es, ou si vous d\u00e9tectez que, pour une raison quelconque, nous traitons vos donn\u00e9es ill\u00e9galement et que vous pr\u00e9f\u00e9rez la limitation de leur utilisation \u00e0 leur effacement ; toutefois, dans le cadre des op\u00e9rations de traitement et pour la finalit\u00e9 pour laquelle Moooviovi effectue le traitement, \u00e0 savoir les op\u00e9rations statistiques, cette situation ne se pr\u00e9sente pas et il est l\u00e9gitime pour Mooovi d&rsquo;opter pour l&rsquo;effacement des donn\u00e9es collect\u00e9es ;<\/p>\r\n<p>Il n&rsquo;est pertinent de demander \u00e0 s&rsquo;opposer au traitement que jusqu&rsquo;\u00e0 ce qu&rsquo;il soit v\u00e9rifi\u00e9 que les motifs l\u00e9gitimes du responsable du traitement pr\u00e9valent sur ceux de la personne concern\u00e9e, ou si le traitement des donn\u00e9es est effectu\u00e9 \u00e0 des fins de marketing direct ou de profilage. Toutefois, dans le cadre des op\u00e9rations de traitement et pour la finalit\u00e9 pour laquelle Moooviovi effectue des op\u00e9rations statistiques, une telle situation ne se pr\u00e9sente pas et il est l\u00e9gitime pour Mooovi d&rsquo;opter pour l&rsquo;effacement des donn\u00e9es collect\u00e9es ;<\/p>\r\n<p>Les donn\u00e9es personnelles que nous collectons sont tout au plus le nom et un moyen de contact, le plus souvent t\u00e9l\u00e9phonique, de sorte que le droit \u00e0 la portabilit\u00e9 des donn\u00e9es personnelles n&rsquo;est pas n\u00e9cessaire.<\/p>\r\n<p>&nbsp;<\/p>\r\n<h2>Traitement des demandes d&rsquo;exercice des droits des personnes concern\u00e9es par leurs donn\u00e9es<\/h2>\r\n<p>Les demandes peuvent \u00eatre adress\u00e9es par toute forme de contact \u00e0 Mooovi en tant que responsable du traitement des donn\u00e9es et seront trait\u00e9es de mani\u00e8re \u00e0 garantir l&rsquo;effectivit\u00e9 de vos droits. Il peut vous \u00eatre demand\u00e9 de fournir une preuve de votre identit\u00e9 afin de garantir que les donn\u00e9es \u00e0 caract\u00e8re personnel ne sont partag\u00e9es qu&rsquo;avec la personne concern\u00e9e. Vous serez inform\u00e9 des mesures prises pour donner suite \u00e0 l&rsquo;exercice de votre droit. Vous avez \u00e9galement le droit d&rsquo;introduire une r\u00e9clamation aupr\u00e8s de la CNPD. Traitement des donn\u00e9es \u00e0 caract\u00e8re personnel de telle sorte qu&rsquo;elles ne puissent plus \u00eatre attribu\u00e9es \u00e0 une personne concern\u00e9e pr\u00e9cise sans avoir recours \u00e0 des informations suppl\u00e9mentaires, \u00e0 condition que ces informations suppl\u00e9mentaires soient conserv\u00e9es s\u00e9par\u00e9ment et soumises \u00e0 des mesures techniques et organisationnelles garantissant que les donn\u00e9es \u00e0 caract\u00e8re personnel ne peuvent pas \u00eatre attribu\u00e9es \u00e0 une personne physique identifi\u00e9e ou identifiable.<\/p>\r\n<p>&nbsp;<\/p>\r\n<h2>Informations g\u00e9n\u00e9rales<\/h2>\r\n<p>Ce site utilise des cookies. Les \u00ab\u00a0cookies\u00a0\u00bb sont des fichiers texte stock\u00e9s sur votre ordinateur ou votre appareil mobile par un serveur web. Seul ce serveur peut r\u00e9cup\u00e9rer ou lire le contenu du cookie, afin que le site web puisse se souvenir des pr\u00e9f\u00e9rences de votre navigateur internet et d&rsquo;une navigation efficace. Les cookies permettent une interaction rapide et efficace entre l&rsquo;utilisateur et le site web. Par cons\u00e9quent, le site enregistre des informations sur votre visite, ce qui peut vous aider lors de votre prochaine visite et rendre le site plus utile.<\/p>\r\n<p>&nbsp;<\/p>\r\n<h2>Comment fonctionnent les cookies ?<\/h2>\r\n<p>Les cookies ne peuvent stocker que du texte, qui est g\u00e9n\u00e9ralement toujours anonyme et crypt\u00e9. Ils ne stockent pas d&rsquo;informations personnelles et ne peuvent pas \u00eatre reli\u00e9s \u00e0 une personne identifi\u00e9e ou identifiable. Ils permettent au site de conserver vos informations d&rsquo;une page \u00e0 l&rsquo;autre et d&rsquo;analyser la fa\u00e7on dont les gens interagissent avec le site. Les cookies sont s\u00fbrs car ils ne peuvent stocker que les informations affich\u00e9es par le navigateur, c&rsquo;est-\u00e0-dire les informations que l&rsquo;utilisateur saisit dans le navigateur web ou qu&rsquo;il contient lorsqu&rsquo;il visite la page. Il n&rsquo;est pas possible d&rsquo;ex\u00e9cuter un code ou d&rsquo;utiliser les cookies pour acc\u00e9der \u00e0 votre ordinateur. Si une page web crypte les informations contenues dans un cookie, seul ce site peut lire ces informations.<\/p>\r\n<p>&nbsp;<\/p>\r\n<h2>Quels types de cookies utilisons-nous ?<\/h2>\r\n<ul>\r\n<li><strong>1.<\/strong> Types de cookies en fonction de l&rsquo;entit\u00e9 qui les g\u00e8re :\r\n<ol>\r\n<li>En fonction de l&rsquo;entit\u00e9 qui exploite l&rsquo;ordinateur ou le domaine \u00e0 partir duquel les cookies sont envoy\u00e9s et de la mani\u00e8re dont elle traite les donn\u00e9es obtenues, on peut faire la distinction entre :<\/li>\r\n<li><strong>\u2022<\/strong> Cookies de domaine : ils sont envoy\u00e9s \u00e0 l&rsquo;ordinateur de l&rsquo;utilisateur final \u00e0 partir d&rsquo;un ordinateur ou d&rsquo;un domaine g\u00e9r\u00e9 par l&rsquo;\u00e9diteur et \u00e0 partir duquel le service demand\u00e9 par l&rsquo;utilisateur est fourni.<\/li>\r\n<li><strong>\u2022<\/strong>\u00a0 Cookies de tiers : ils sont envoy\u00e9s \u00e0 l&rsquo;ordinateur de l&rsquo;utilisateur final \u00e0 partir d&rsquo;une machine ou d&rsquo;un domaine qui n&rsquo;est pas g\u00e9r\u00e9 par l&rsquo;\u00e9diteur, mais par une autre entit\u00e9 qui traite les donn\u00e9es obtenues par le biais des cookies. Si les cookies sont install\u00e9s \u00e0 partir d&rsquo;un ordinateur ou d&rsquo;un domaine g\u00e9r\u00e9 par l&rsquo;\u00e9diteur lui-m\u00eame, mais que les informations collect\u00e9es sont g\u00e9r\u00e9es par un tiers, ils ne peuvent pas \u00eatre consid\u00e9r\u00e9s comme des \u00ab\u00a0cookies de domaine\u00a0\u00bb.<\/li>\r\n<\/ol>\r\n<\/li>\r\n<li><strong>2.<\/strong> Types de cookies en fonction de la p\u00e9riode pendant laquelle ils restent actifs :\r\n<ol>\r\n<li>En fonction de la dur\u00e9e pendant laquelle les cookies restent actifs sur les terminaux, nous pouvons faire la distinction entre:<\/li>\r\n<li><strong>\u2022<\/strong>\u00a0 Cookies de session : ils sont con\u00e7us pour collecter et stocker des donn\u00e9es pendant que l&rsquo;utilisateur acc\u00e8de \u00e0 une page web. Ils sont g\u00e9n\u00e9ralement utilis\u00e9s pour stocker des informations relatives \u00e0 un service demand\u00e9 par l&rsquo;utilisateur \u00e0 une seule occasion (par exemple, une liste de produits achet\u00e9s).<\/li>\r\n<li><strong>\u2022<\/strong>\u00a0 Cookies persistants : ils repr\u00e9sentent des donn\u00e9es stock\u00e9es dans le terminal qui peuvent \u00eatre consult\u00e9es et trait\u00e9es pendant une p\u00e9riode d\u00e9finie par le responsable des cookies, qui peut varier de quelques minutes \u00e0 plusieurs ann\u00e9es.<\/li>\r\n<\/ol>\r\n<\/li>\r\n<li><strong>3.<\/strong> Types de cookies en fonction de leur finalit\u00e9 :\r\n<ol>\r\n<li>En fonction de l&rsquo;objectif de la collecte de donn\u00e9es par le biais de cookies, nous pouvons faire la distinction entre:<\/li>\r\n<li><strong>\u2022<\/strong>\u00a0 Cookies techniques : ils permettent \u00e0 l&rsquo;utilisateur de naviguer sur une page web ou une application en utilisant les diff\u00e9rentes options ou services disponibles sur celle-ci, comme par exemple le contr\u00f4le du trafic et la communication de donn\u00e9es, l&rsquo;identification de la session, l&rsquo;acc\u00e8s \u00e0 des parties restreintes, le stockage des \u00e9l\u00e9ments d&rsquo;une commande, l&rsquo;ex\u00e9cution du processus de paiement d&rsquo;une commande, la demande d&rsquo;inscription ou de participation \u00e0 un \u00e9v\u00e9nement, l&rsquo;utilisation de fonctions de s\u00e9curit\u00e9 lors de la navigation sur les contenus d&rsquo;une boutique ou le partage de contenus sonores et vid\u00e9o par le biais des r\u00e9seaux sociaux.<\/li>\r\n<li><strong>\u2022<\/strong>\u00a0 Cookies de personnalisation : permettent \u00e0 l&rsquo;utilisateur d&rsquo;acc\u00e9der au service avec certaines fonctionnalit\u00e9s g\u00e9n\u00e9rales, sur la base d&rsquo;un ensemble de crit\u00e8res pr\u00e9d\u00e9finis dans le terminal de l&rsquo;utilisateur, tels que, par exemple, la langue, le type de navigateur \u00e0 travers lequel il acc\u00e8de au service, le lieu \u00e0 partir duquel il acc\u00e8de au service, etc.<\/li>\r\n<li><strong>\u2022<\/strong>\u00a0 Cookies analytiques : ils permettent au responsable des cookies de suivre et d&rsquo;analyser le comportement des utilisateurs du site web. Les informations collect\u00e9es par le biais de ces cookies sont utilis\u00e9es pour mesurer l&rsquo;activit\u00e9 des sites web, des applications ou des plateformes et pour \u00e9tablir des profils de navigation de leurs utilisateurs, afin d&rsquo;introduire des am\u00e9liorations bas\u00e9es sur l&rsquo;analyse des donn\u00e9es d&rsquo;utilisation des utilisateurs du service.<\/li>\r\n<\/ol>\r\n<\/li>\r\n<\/ul>\r\n<p>&nbsp;<\/p>\r\n<h2>Outils de gestion Cookies<\/h2>\r\n<p>Ce site utilise Google Analytics.<\/p>\r\n<p>Google Analytics est un outil gratuit de collecte de donn\u00e9es statistiques sur Internet, cr\u00e9\u00e9 par Google, dont la fonction principale est de permettre aux propri\u00e9taires de sites Internet de savoir comment les utilisateurs interagissent avec leur site. Il active \u00e9galement des cookies dans le domaine du site web o\u00f9 vous vous trouvez et utilise un ensemble de cookies appel\u00e9s \u00ab\u00a0__utma\u00a0\u00bb et \u00ab\u00a0__utmz\u00a0\u00bb pour collecter des informations de mani\u00e8re anonyme et pr\u00e9senter les tendances du site web sans identifier les utilisateurs individuels.<\/p>\r\n<p>Pour cr\u00e9er des statistiques sur l&rsquo;utilisation de ce site web, les cookies sont utilis\u00e9s pour d\u00e9terminer le nombre de visiteurs r\u00e9guliers et les contenus qui les int\u00e9ressent le plus. Nous pouvons ainsi concentrer nos efforts sur l&rsquo;am\u00e9lioration des zones les plus visit\u00e9es et vous permettre de trouver plus facilement ce que vous cherchez. Ce site web consulte des donn\u00e9es sur la conduite et peut utiliser des calculs statistiques concernant des donn\u00e9es anonymes pour assurer la continuit\u00e9 du service ou pour apporter des am\u00e9liorations \u00e0 ses sites web. Pour plus d&rsquo;informations, voir le lien ci-dessous sur la politique de confidentialit\u00e9.<\/p>\r\n<p><a href=\"https:\/\/policies.google.com\/privacy?hl=pt\">https:\/\/policies.google.com\/privacy?hl=pt<\/a><\/p>\r\n<p>&nbsp;<\/p>\r\n<h2>Comment g\u00e9rer les cookies sur votre ordinateur : d\u00e9sactiver et supprimer les cookies<\/h2>\r\n<p>Tous les navigateurs Internet permettent de limiter le comportement d&rsquo;un cookie ou de d\u00e9sactiver les cookies dans les param\u00e8tres ou les options du navigateur. Les \u00e9tapes de ce processus diff\u00e8rent d&rsquo;un navigateur \u00e0 l&rsquo;autre. Vous trouverez des instructions suppl\u00e9mentaires dans le menu d&rsquo;aide de votre navigateur.<\/p>\r\n<p>Si vous refusez l&rsquo;utilisation de cookies, ce qui est possible dans les pr\u00e9f\u00e9rences ou les param\u00e8tres de votre navigateur, ce site web continuera \u00e0 fonctionner correctement sans l&rsquo;utilisation de cookies.<\/p>\r\n<p>Vous pouvez autoriser, bloquer ou supprimer les cookies install\u00e9s sur votre ordinateur en configurant les options du navigateur qui y est install\u00e9.<\/p>\r\n<p>Gr\u00e2ce \u00e0 votre navigateur, vous pouvez \u00e9galement visualiser les cookies qui existent sur votre ordinateur et les supprimer selon vos pr\u00e9f\u00e9rences. Les cookies sont des fichiers texte qui peuvent \u00eatre ouverts et lus. Les donn\u00e9es qu&rsquo;ils contiennent sont presque toujours crypt\u00e9es au moyen d&rsquo;une cl\u00e9 num\u00e9rique li\u00e9e \u00e0 une session internet. En tant que tels, ils sont souvent sans signification, sauf pour le site web qui les a cr\u00e9\u00e9s.<\/p>\r\n<p>&nbsp;<\/p>\r\n<h2>Des cookies dans les courriers \u00e9lectroniques ?<\/h2>\r\n<p>Nos courriels contiennent des cookies qui v\u00e9rifient si nos courriels sont ouverts et si l&rsquo;on clique sur les liens qu&rsquo;ils contiennent. Les cookies que nous utilisons dans nos courriels pour surveiller ce comportement sont uniques \u00e0 chaque courriel et ne sont pas stock\u00e9s sur l&rsquo;ordinateur ou l&rsquo;appareil mobile de l&rsquo;utilisateur.<\/p>\r\n<p>&nbsp;<\/p>\r\n<h2>Consentement \u00e9clair\u00e9<\/h2>\r\n<p>L&rsquo;utilisation de ce site web implique \u00e0 son tour que l&rsquo;utilisateur a donn\u00e9 son consentement expr\u00e8s et sans \u00e9quivoque \u00e0 l&rsquo;utilisation de cookies, conform\u00e9ment aux termes et conditions \u00e9tablis dans la pr\u00e9sente politique en mati\u00e8re de cookies, sous r\u00e9serve des mesures de d\u00e9sactivation et d&rsquo;\u00e9limination des cookies qui peuvent \u00eatre prises, comme indiqu\u00e9 dans les sections pr\u00e9c\u00e9dentes.<\/p>","protected":false},"excerpt":{"rendered":"<p>La pr\u00e9sente politique de confidentialit\u00e9 d\u00e9crit qui nous sommes, \u00e0 quelles fins nous utilisons vos donn\u00e9es, comment nous les traitons, avec qui nous les partageons, combien de temps nous les conservons, ainsi que les moyens de nous contacter et d&rsquo;exercer vos droits. &nbsp; Contacter Mooovi Mooovi peut \u00eatre contact\u00e9 par courrier \u00e9lectronique \u00e0 l&rsquo;adresse info@mooovi.pt. [&hellip;]<\/p>\n","protected":false},"author":1,"featured_media":0,"parent":0,"menu_order":0,"comment_status":"closed","ping_status":"open","template":"","meta":{"footnotes":""},"class_list":["post-3","page","type-page","status-publish","hentry"],"acf":[],"_links":{"self":[{"href":"https:\/\/mooovi.pt\/fr\/wp-json\/wp\/v2\/pages\/3","targetHints":{"allow":["GET"]}}],"collection":[{"href":"https:\/\/mooovi.pt\/fr\/wp-json\/wp\/v2\/pages"}],"about":[{"href":"https:\/\/mooovi.pt\/fr\/wp-json\/wp\/v2\/types\/page"}],"author":[{"embeddable":true,"href":"https:\/\/mooovi.pt\/fr\/wp-json\/wp\/v2\/users\/1"}],"replies":[{"embeddable":true,"href":"https:\/\/mooovi.pt\/fr\/wp-json\/wp\/v2\/comments?post=3"}],"version-history":[{"count":12,"href":"https:\/\/mooovi.pt\/fr\/wp-json\/wp\/v2\/pages\/3\/revisions"}],"predecessor-version":[{"id":104,"href":"https:\/\/mooovi.pt\/fr\/wp-json\/wp\/v2\/pages\/3\/revisions\/104"}],"wp:attachment":[{"href":"https:\/\/mooovi.pt\/fr\/wp-json\/wp\/v2\/media?parent=3"}],"curies":[{"name":"wp","href":"https:\/\/api.w.org\/{rel}","templated":true}]}}