{"id":126,"date":"2023-08-22T15:29:41","date_gmt":"2023-08-22T15:29:41","guid":{"rendered":"https:\/\/mooovi.pt\/?page_id=126"},"modified":"2023-08-23T14:04:30","modified_gmt":"2023-08-23T14:04:30","slug":"tarifarios","status":"publish","type":"page","link":"https:\/\/mooovi.pt\/fr\/tarifarios\/","title":{"rendered":"Tarifs"},"content":{"rendered":"<p><strong>Si vous \u00eates abonn\u00e9, les 30 premi\u00e8res minutes sont gratuites, vous paierez ensuite 0,05 \u20ac la minute. Si vous n&rsquo;\u00eates pas abonn\u00e9, les frais de d\u00e9verrouillage sont de 1 \u20ac, puis de 0,05 \u20ac par minute, au bout de 30 minutes.<\/strong><\/p>\n<h2>Abonnement mensuel de 5,00 \u20ac<\/h2>\n<p>Permet d&rsquo;utiliser le v\u00e9lo dans chaque location pendant les 30 premi\u00e8res minutes gratuitement, les minutes suivantes \u00e9tant factur\u00e9es 0,05 \u20ac\/minute (minute de d\u00e9part) ;<\/p>\n<h2>Abonnement semestriel (6 mois) \u00e0 partir de 25,00 \u20ac<\/h2>\n<p>Elle permet d&rsquo;utiliser gratuitement le v\u00e9lo dans chaque location pendant les 30 premi\u00e8res minutes, les minutes suivantes \u00e9tant factur\u00e9es 0,05 \u20ac\/minute (minute de d\u00e9part) ;<\/p>\n<h2>Abonnement annuel (12 mois) \u00e0 partir de 45,00 \u20ac<\/h2>\n<p>Elle permet d&rsquo;utiliser gratuitement le v\u00e9lo dans chaque location pendant les 30 premi\u00e8res minutes, les minutes suivantes \u00e9tant factur\u00e9es 0,05 \u20ac\/minute (minute de d\u00e9part).<\/p>","protected":false},"excerpt":{"rendered":"<p>Si vous \u00eates abonn\u00e9, les 30 premi\u00e8res minutes sont gratuites, vous paierez ensuite 0,05 \u20ac la minute. Si vous n&rsquo;\u00eates pas abonn\u00e9, les frais de d\u00e9verrouillage sont de 1 \u20ac, puis de 0,05 \u20ac par minute, au bout de 30 minutes. Abonnement mensuel de 5,00 \u20ac Permet d&rsquo;utiliser le v\u00e9lo dans chaque location pendant les [&hellip;]<\/p>\n","protected":false},"author":1,"featured_media":27,"parent":0,"menu_order":0,"comment_status":"closed","ping_status":"closed","template":"","meta":{"footnotes":""},"class_list":["post-126","page","type-page","status-publish","has-post-thumbnail","hentry"],"acf":[],"_links":{"self":[{"href":"https:\/\/mooovi.pt\/fr\/wp-json\/wp\/v2\/pages\/126","targetHints":{"allow":["GET"]}}],"collection":[{"href":"https:\/\/mooovi.pt\/fr\/wp-json\/wp\/v2\/pages"}],"about":[{"href":"https:\/\/mooovi.pt\/fr\/wp-json\/wp\/v2\/types\/page"}],"author":[{"embeddable":true,"href":"https:\/\/mooovi.pt\/fr\/wp-json\/wp\/v2\/users\/1"}],"replies":[{"embeddable":true,"href":"https:\/\/mooovi.pt\/fr\/wp-json\/wp\/v2\/comments?post=126"}],"version-history":[{"count":3,"href":"https:\/\/mooovi.pt\/fr\/wp-json\/wp\/v2\/pages\/126\/revisions"}],"predecessor-version":[{"id":144,"href":"https:\/\/mooovi.pt\/fr\/wp-json\/wp\/v2\/pages\/126\/revisions\/144"}],"wp:featuredmedia":[{"embeddable":true,"href":"https:\/\/mooovi.pt\/fr\/wp-json\/wp\/v2\/media\/27"}],"wp:attachment":[{"href":"https:\/\/mooovi.pt\/fr\/wp-json\/wp\/v2\/media?parent=126"}],"curies":[{"name":"wp","href":"https:\/\/api.w.org\/{rel}","templated":true}]}}