{"id":114,"date":"2023-08-22T15:08:18","date_gmt":"2023-08-22T15:08:18","guid":{"rendered":"https:\/\/mooovi.pt\/?page_id=114"},"modified":"2023-08-22T15:57:51","modified_gmt":"2023-08-22T15:57:51","slug":"pcs","status":"publish","type":"page","link":"https:\/\/mooovi.pt\/fr\/pcs\/","title":{"rendered":"PCS"},"content":{"rendered":"<p><\/p>\n<h2><strong>Politique de Confidentialit\u00e9 des Services<\/strong><\/h2>\n<p><strong>Responsable du traitement des donn\u00e9es:\u00a0<\/strong>Municipalit\u00e9 d\u2019Angra do Hero\u00edsmo, dont le si\u00e8ge est situ\u00e9 dans le b\u00e2timent Pa\u00e7os do Concelho, situ\u00e9 \u00e0 Pra\u00e7a Velha, Angra do Hero\u00edsmo, et le responsable de la protection des donn\u00e9es respectif peut \u00eatre contact\u00e9 par e-mail epd@cmah.pt , t\u00e9l\u00e9phone +00351 295\u00a0401 707 , et une assistance en face \u00e0 face est \u00e9galement garantie sur rendez-vous pr\u00e9alable.<\/p>\n<p><strong>Finalit\u00e9 du traitement des donn\u00e9es:<\/strong>\u00a0Le traitement dans les services municipaux, par obligation l\u00e9gale, des proc\u00e9dures administratives ou de la conclusion de contrats, d\u2019office ou \u00e0 la demande des personnes concern\u00e9es, ainsi que l\u2019exercice par la personne concern\u00e9e ou par le responsable du traitement , droits ou obligations l\u00e9galement \u00e9tablies.<\/p>\n<p><strong>Lic\u00e9it\u00e9 du traitement:<\/strong>\u00a0respect par la municipalit\u00e9 d\u2019Angra do Hero\u00edsmo de ses obligations l\u00e9gales, dans l\u2019exercice de ses fonctions d\u2019int\u00e9r\u00eat public ainsi que des pouvoirs de l\u2019autorit\u00e9 publique, en tant qu\u2019organisme d\u2019administration publique.<\/p>\n<p><strong>Donn\u00e9es personnelles et cat\u00e9gories:\u00a0<\/strong>Les donn\u00e9es personnelles des titulaires et des repr\u00e9sentants l\u00e9gaux contenues dans cette candidature\/formulaire\/contrat.<\/p>\n<p><strong>Destinataires des donn\u00e9es personnelles:<\/strong>\u00a0services municipaux et entit\u00e9s ayant une intervention l\u00e9gale dans la proc\u00e9dure, \u00e0 savoir pour \u00e9mettre des avis.<\/p>\n<p><strong>Droits que vous pouvez exercer:<\/strong>\u00a0Confirmation que les donn\u00e9es personnelles sont en cours de traitement, droit d\u2019acc\u00e8s aux donn\u00e9es personnelles, droit de rectification, droit de limiter le traitement et droit de d\u00e9poser une plainte aupr\u00e8s de l\u2019autorit\u00e9 de contr\u00f4le.<\/p>\n<p><strong>Droits qui ne peuvent \u00eatre exerc\u00e9s et leur justification:<\/strong>\u00a0droit \u00e0 l\u2019effacement, droit \u00e0 la portabilit\u00e9 des donn\u00e9es et droit d\u2019opposition dans les cas o\u00f9 le traitement respectif s\u2019av\u00e8re n\u00e9cessaire pour se conformer \u00e0 une obligation l\u00e9gale qui n\u00e9cessite un traitement et \u00e0 laquelle le responsable est soumis, l\u2019exercice des fonctions d\u2019int\u00e9r\u00eat public et l\u2019exercice des pouvoirs publics de la municipalit\u00e9 d\u2019Angra do Hero\u00edsmo.<\/p>\n<p><strong>Autres informations:<\/strong>\u00a0La communication de donn\u00e9es personnelles dans cette proc\u00e9dure est n\u00e9cessaire pour se conformer \u00e0 une obligation l\u00e9gale ou contractuelle, donc si vous ne fournissez pas les donn\u00e9es dans cette demande, elles ne pourront pas \u00eatre trait\u00e9es par les services municipaux. Il est \u00e9galement inform\u00e9 qu\u2019il n\u2019y a pas de d\u00e9cisions ou de profilage automatis\u00e9s. Outre le respect de l\u2019obligation l\u00e9gale de traitement aux fins d\u2019archivage, il n\u2019y aura pas de traitement ult\u00e9rieur des donn\u00e9es personnelles \u00e0 des fins autres que cette collecte. Toute violation de donn\u00e9es personnelles sera port\u00e9e \u00e0 la connaissance de l\u2019int\u00e9ress\u00e9 dans le d\u00e9lai l\u00e9gal.<\/p>","protected":false},"excerpt":{"rendered":"<p>Politique de Confidentialit\u00e9 des Services Responsable du traitement des donn\u00e9es:\u00a0Municipalit\u00e9 d\u2019Angra do Hero\u00edsmo, dont le si\u00e8ge est situ\u00e9 dans le b\u00e2timent Pa\u00e7os do Concelho, situ\u00e9 \u00e0 Pra\u00e7a Velha, Angra do Hero\u00edsmo, et le responsable de la protection des donn\u00e9es respectif peut \u00eatre contact\u00e9 par e-mail epd@cmah.pt , t\u00e9l\u00e9phone +00351 295\u00a0401 707 , et une assistance [&hellip;]<\/p>\n","protected":false},"author":1,"featured_media":27,"parent":0,"menu_order":0,"comment_status":"closed","ping_status":"closed","template":"","meta":{"footnotes":""},"class_list":["post-114","page","type-page","status-publish","has-post-thumbnail","hentry"],"acf":[],"_links":{"self":[{"href":"https:\/\/mooovi.pt\/fr\/wp-json\/wp\/v2\/pages\/114","targetHints":{"allow":["GET"]}}],"collection":[{"href":"https:\/\/mooovi.pt\/fr\/wp-json\/wp\/v2\/pages"}],"about":[{"href":"https:\/\/mooovi.pt\/fr\/wp-json\/wp\/v2\/types\/page"}],"author":[{"embeddable":true,"href":"https:\/\/mooovi.pt\/fr\/wp-json\/wp\/v2\/users\/1"}],"replies":[{"embeddable":true,"href":"https:\/\/mooovi.pt\/fr\/wp-json\/wp\/v2\/comments?post=114"}],"version-history":[{"count":2,"href":"https:\/\/mooovi.pt\/fr\/wp-json\/wp\/v2\/pages\/114\/revisions"}],"predecessor-version":[{"id":124,"href":"https:\/\/mooovi.pt\/fr\/wp-json\/wp\/v2\/pages\/114\/revisions\/124"}],"wp:featuredmedia":[{"embeddable":true,"href":"https:\/\/mooovi.pt\/fr\/wp-json\/wp\/v2\/media\/27"}],"wp:attachment":[{"href":"https:\/\/mooovi.pt\/fr\/wp-json\/wp\/v2\/media?parent=114"}],"curies":[{"name":"wp","href":"https:\/\/api.w.org\/{rel}","templated":true}]}}