{"id":114,"date":"2023-08-22T15:08:18","date_gmt":"2023-08-22T15:08:18","guid":{"rendered":"https:\/\/mooovi.pt\/?page_id=114"},"modified":"2023-08-22T15:57:51","modified_gmt":"2023-08-22T15:57:51","slug":"pcs","status":"publish","type":"page","link":"https:\/\/mooovi.pt\/es\/pcs\/","title":{"rendered":"PCS"},"content":{"rendered":"<p><\/p>\n<h2><strong>Pol\u00edtica de Confidencialidad de los Servicios<\/strong><\/h2>\n<p><strong>Responsable del procesamiento de datos:\u00a0<\/strong>Municipio de Angra do Hero\u00edsmo, con sede en el edificio Pa\u00e7os do Concelho, ubicado en Pra\u00e7a Velha, Angra do Hero\u00edsmo; el oficial de protecci\u00f3n de datos respectivo puede ser contactado a trav\u00e9s del correo electr\u00f3nico epd@cmah.pt, tel\u00e9fono +00351 295 401707; tambi\u00e9n se garantiza la asistencia presencial con cita previa.<\/p>\n<p><strong>Finalidad del tratamiento de datos:\u00a0<\/strong>La tramitaci\u00f3n en los servicios municipales, por exigencia legal, de procedimientos administrativos o la celebraci\u00f3n de contratos, ya sea de oficio o a instancia de los interesados, as\u00ed como el ejercicio por el interesado, o por el responsable del tratamiento , derechos o obligaciones legalmente establecidos.<\/p>\n<p><strong>Licitud del tratamiento:\u00a0<\/strong>Cumplimiento por parte del Municipio de Angra do Hero\u00edsmo de sus obligaciones legales, en el ejercicio de sus funciones de inter\u00e9s p\u00fablico, as\u00ed como de las atribuciones del poder p\u00fablico, como \u00f3rgano de la administraci\u00f3n p\u00fablica.<\/p>\n<p><strong>Datos personales y categor\u00edas:<\/strong>\u00a0Los datos personales de los titulares y representantes legales contenidos en esta solicitud\/formulario\/contrato.<\/p>\n<p><strong>Destinatarios de los datos personales:<\/strong>\u00a0Los servicios y entidades municipales con intervenci\u00f3n judicial en el procedimiento, en particular, para la emisi\u00f3n de dict\u00e1menes.<\/p>\n<p><strong>Plazo de conservaci\u00f3n de los datos personales:<\/strong>\u00a0El plazo necesario para la tramitaci\u00f3n del procedimiento administrativo, m\u00e1s el plazo previsto en el Reglamento de Archivo de las Entidades Locales (Regulamento Arquiv\u00edstico para as Autarquias Locais).<\/p>\n<p><strong>Derechos que puede ejercer:\u00a0<\/strong>Confirmaci\u00f3n de que los datos personales est\u00e1s siendo tratados, derecho de acceso a los datos personales, derecho de rectificaci\u00f3n, derecho a la limitaci\u00f3n del tratamiento y derecho a presentar una reclamaci\u00f3n ante la autoridad de control.<\/p>\n<p><strong>Derechos que no pueden ser ejercer y su justificaci\u00f3n:\u00a0<\/strong>Derecho a la supresi\u00f3n, derecho a la portabilidad de los datos y derecho a oponerse en los casos en que el respectivo tratamiento resulte necesario para cumplir con una obligaci\u00f3n legal que requiera tratamiento y a la que est\u00e9 sujeto el responsable, al ejercicio de funciones de inter\u00e9s p\u00fablico y al ejercicio de facultades de autoridad p\u00fablica del Municipio de Angra do Hero\u00edsmo.<\/p>\n<p><strong>Otra informaci\u00f3n:<\/strong>\u00a0La comunicaci\u00f3n de datos personales en este procedimiento es necesaria para dar cumplimiento a una obligaci\u00f3n legal o contractual, por lo que, si no facilita los datos en esta solicitud, los mismos no podr\u00e1n ser tratados por los servicios municipales. Asimismo, se informa que no existen decisiones automatizadas ni elaboraci\u00f3n de perfiles. Adem\u00e1s de cumplir con la obligaci\u00f3n legal de tratamiento para el archivo, no habr\u00e1 m\u00e1s tratamiento de datos personales para fines distintos de esta recopilaci\u00f3n. Cualquier incumplimiento de los datos personales ser\u00e1 puesto en conocimiento del interesado dentro del plazo legal.<\/p>","protected":false},"excerpt":{"rendered":"<p>Pol\u00edtica de Confidencialidad de los Servicios Responsable del procesamiento de datos:\u00a0Municipio de Angra do Hero\u00edsmo, con sede en el edificio Pa\u00e7os do Concelho, ubicado en Pra\u00e7a Velha, Angra do Hero\u00edsmo; el oficial de protecci\u00f3n de datos respectivo puede ser contactado a trav\u00e9s del correo electr\u00f3nico epd@cmah.pt, tel\u00e9fono +00351 295 401707; tambi\u00e9n se garantiza la asistencia [&hellip;]<\/p>\n","protected":false},"author":1,"featured_media":27,"parent":0,"menu_order":0,"comment_status":"closed","ping_status":"closed","template":"","meta":{"footnotes":""},"class_list":["post-114","page","type-page","status-publish","has-post-thumbnail","hentry"],"acf":[],"_links":{"self":[{"href":"https:\/\/mooovi.pt\/es\/wp-json\/wp\/v2\/pages\/114","targetHints":{"allow":["GET"]}}],"collection":[{"href":"https:\/\/mooovi.pt\/es\/wp-json\/wp\/v2\/pages"}],"about":[{"href":"https:\/\/mooovi.pt\/es\/wp-json\/wp\/v2\/types\/page"}],"author":[{"embeddable":true,"href":"https:\/\/mooovi.pt\/es\/wp-json\/wp\/v2\/users\/1"}],"replies":[{"embeddable":true,"href":"https:\/\/mooovi.pt\/es\/wp-json\/wp\/v2\/comments?post=114"}],"version-history":[{"count":2,"href":"https:\/\/mooovi.pt\/es\/wp-json\/wp\/v2\/pages\/114\/revisions"}],"predecessor-version":[{"id":124,"href":"https:\/\/mooovi.pt\/es\/wp-json\/wp\/v2\/pages\/114\/revisions\/124"}],"wp:featuredmedia":[{"embeddable":true,"href":"https:\/\/mooovi.pt\/es\/wp-json\/wp\/v2\/media\/27"}],"wp:attachment":[{"href":"https:\/\/mooovi.pt\/es\/wp-json\/wp\/v2\/media?parent=114"}],"curies":[{"name":"wp","href":"https:\/\/api.w.org\/{rel}","templated":true}]}}