{"id":114,"date":"2023-08-22T15:08:18","date_gmt":"2023-08-22T15:08:18","guid":{"rendered":"https:\/\/mooovi.pt\/?page_id=114"},"modified":"2023-08-22T15:57:51","modified_gmt":"2023-08-22T15:57:51","slug":"pcs","status":"publish","type":"page","link":"https:\/\/mooovi.pt\/en\/pcs\/","title":{"rendered":"PCS"},"content":{"rendered":"<p><\/p>\n<h2><strong>Confidentiality Policy of Services<\/strong><\/h2>\n<p><strong>Responsible for data processing:\u00a0<\/strong>Municipality of Angra do Hero\u00edsmo, headquartered in the Pa\u00e7os do Concelho building, located at Pra\u00e7a Velha, Angra do Hero\u00edsmo, and the respective data protection officer can be contacted via email epd@cmah.pt , phone +00351 295 401707, and face-to-face assistance is also guaranteed by prior appointment.<\/p>\n<p><strong>Purpose of data processing:\u00a0<\/strong>The processing in municipal services, by legal requirement, of administrative procedures or the conclusion of contracts, either ex officio or at the request of the data subjects, as well as the exercise by the data subject, or by the controller, legally established rights or obligations.<\/p>\n<p><strong>Purpose of data processing:<\/strong>\u00a0The processing in municipal services, by legal requirement, of administrative procedures or the conclusion of contracts, either ex officio or at the request of the data subjects, as well as the exercise by the data subject, or by the controller, legally established rights or obligations.<\/p>\n<p><strong>Personal data and categories<\/strong><strong>:\u00a0<\/strong>The personal data of the holders and legal representatives contained in this application\/form\/contract.<\/p>\n<p><strong>Recipients of personal data<\/strong>: Municipal services and entities with legal intervention in the procedure, namely, for issuing opinions.<\/p>\n<p><strong>Period of preservation of personal data:<\/strong>\u00a0The period necessary for the administrative procedure to be carried out, plus the period provided for in the Archival Regulation for Local Authorities.<\/p>\n<p><strong>Rights you can exercise:<\/strong>\u00a0Confirmation that personal data are being processed, right of access to personal data, right of rectification, right to limit processing and right to file a complaint with the supervisory authority.<\/p>\n<p><strong>Rights that cannot be exercised and their justification:\u00a0<\/strong>Right to erasure, right to portability of data and right of opposition in cases where the respective treatment proves to be necessary to comply with a legal obligation that requires treatment and to which the person responsible is subject, the exercise of functions of public interest and the exercise of powers of public authority of the Municipality of Angra do Hero\u00edsmo.<strong>Other information:<\/strong>\u00a0The communication of personal data in this procedure is necessary to comply with a legal or contractual obligation, so if you do not provide the data in this request, it cannot be processed by the municipal services. It is also informed that there are no automated decisions or profiling. In addition to complying with the legal obligation of processing for archiving, there will be no further processing of personal data for purposes other than this collection. Any breach of personal data will be brought to the attention of the interested party within the legal period.<\/p>","protected":false},"excerpt":{"rendered":"<p>Confidentiality Policy of Services Responsible for data processing:\u00a0Municipality of Angra do Hero\u00edsmo, headquartered in the Pa\u00e7os do Concelho building, located at Pra\u00e7a Velha, Angra do Hero\u00edsmo, and the respective data protection officer can be contacted via email epd@cmah.pt , phone +00351 295 401707, and face-to-face assistance is also guaranteed by prior appointment. Purpose of data [&hellip;]<\/p>\n","protected":false},"author":1,"featured_media":27,"parent":0,"menu_order":0,"comment_status":"closed","ping_status":"closed","template":"","meta":{"footnotes":""},"class_list":["post-114","page","type-page","status-publish","has-post-thumbnail","hentry"],"acf":[],"_links":{"self":[{"href":"https:\/\/mooovi.pt\/en\/wp-json\/wp\/v2\/pages\/114","targetHints":{"allow":["GET"]}}],"collection":[{"href":"https:\/\/mooovi.pt\/en\/wp-json\/wp\/v2\/pages"}],"about":[{"href":"https:\/\/mooovi.pt\/en\/wp-json\/wp\/v2\/types\/page"}],"author":[{"embeddable":true,"href":"https:\/\/mooovi.pt\/en\/wp-json\/wp\/v2\/users\/1"}],"replies":[{"embeddable":true,"href":"https:\/\/mooovi.pt\/en\/wp-json\/wp\/v2\/comments?post=114"}],"version-history":[{"count":2,"href":"https:\/\/mooovi.pt\/en\/wp-json\/wp\/v2\/pages\/114\/revisions"}],"predecessor-version":[{"id":124,"href":"https:\/\/mooovi.pt\/en\/wp-json\/wp\/v2\/pages\/114\/revisions\/124"}],"wp:featuredmedia":[{"embeddable":true,"href":"https:\/\/mooovi.pt\/en\/wp-json\/wp\/v2\/media\/27"}],"wp:attachment":[{"href":"https:\/\/mooovi.pt\/en\/wp-json\/wp\/v2\/media?parent=114"}],"curies":[{"name":"wp","href":"https:\/\/api.w.org\/{rel}","templated":true}]}}